{"id":4037,"date":"2022-02-18T15:05:10","date_gmt":"2022-02-18T13:05:10","guid":{"rendered":"https:\/\/www.oiolaw.com\/?page_id=4037"},"modified":"2022-05-22T04:29:42","modified_gmt":"2022-05-22T02:29:42","slug":"legal-commercial-draft","status":"publish","type":"page","link":"https:\/\/www.oiolaw.com\/it\/legal-commercial-draft\/","title":{"rendered":"Legale e commerciale (bozza)"},"content":{"rendered":"<div data-elementor-type=\"wp-page\" data-elementor-id=\"4037\" class=\"elementor elementor-4037\">\n\t\t\t\t\t\t\t\t\t<section class=\"elementor-section elementor-top-section elementor-element elementor-element-z15u099 elementor-section-content-middle elementor-reverse-mobile elementor-section-boxed elementor-section-height-default elementor-section-height-default\" data-id=\"z15u099\" data-element_type=\"section\" data-settings=\"{&quot;background_background&quot;:&quot;classic&quot;}\">\n\t\t\t\t\t\t\t<div class=\"elementor-background-overlay\"><\/div>\n\t\t\t\t\t\t\t<div class=\"elementor-container elementor-column-gap-default\">\n\t\t\t\t\t<div class=\"elementor-column elementor-col-100 elementor-top-column elementor-element elementor-element-0ca8923\" data-id=\"0ca8923\" data-element_type=\"column\">\n\t\t\t<div class=\"elementor-widget-wrap elementor-element-populated\">\n\t\t\t\t\t\t\t\t<div class=\"elementor-element elementor-element-8bf8f82 elementor-widget elementor-widget-heading\" data-id=\"8bf8f82\" data-element_type=\"widget\" data-widget_type=\"heading.default\">\n\t\t\t\t<div class=\"elementor-widget-container\">\n\t\t\t<style>\/*! elementor - v3.10.2 - 29-01-2023 *\/\n.elementor-heading-title{padding:0;margin:0;line-height:1}.elementor-widget-heading .elementor-heading-title[class*=elementor-size-]>a{color:inherit;font-size:inherit;line-height:inherit}.elementor-widget-heading .elementor-heading-title.elementor-size-small{font-size:15px}.elementor-widget-heading .elementor-heading-title.elementor-size-medium{font-size:19px}.elementor-widget-heading .elementor-heading-title.elementor-size-large{font-size:29px}.elementor-widget-heading .elementor-heading-title.elementor-size-xl{font-size:39px}.elementor-widget-heading .elementor-heading-title.elementor-size-xxl{font-size:59px}<\/style><h2 class=\"elementor-heading-title elementor-size-default\">Legal & Commercial<\/h2>\t\t<\/div>\n\t\t\t\t<\/div>\n\t\t\t\t<div class=\"elementor-element elementor-element-b2eb206 elementor-widget elementor-widget-text-editor\" data-id=\"b2eb206\" data-element_type=\"widget\" data-widget_type=\"text-editor.default\">\n\t\t\t\t<div class=\"elementor-widget-container\">\n\t\t\t<style>\/*! elementor - v3.10.2 - 29-01-2023 *\/\n.elementor-widget-text-editor.elementor-drop-cap-view-stacked .elementor-drop-cap{background-color:#818a91;color:#fff}.elementor-widget-text-editor.elementor-drop-cap-view-framed .elementor-drop-cap{color:#818a91;border:3px solid;background-color:transparent}.elementor-widget-text-editor:not(.elementor-drop-cap-view-default) .elementor-drop-cap{margin-top:8px}.elementor-widget-text-editor:not(.elementor-drop-cap-view-default) .elementor-drop-cap-letter{width:1em;height:1em}.elementor-widget-text-editor .elementor-drop-cap{float:left;text-align:center;line-height:1;font-size:50px}.elementor-widget-text-editor .elementor-drop-cap-letter{display:inline-block}<\/style>\t\t\t\t<p>We are a full-service firm in terms of China legal &amp; commercial practice.<\/p><p>OIOLaw \u00e8 composta da eccezionali avvocati d&#039;\u00e9lite che forniscono sempre ai clienti nazionali ed esteri servizi legali professionali, di alta qualit\u00e0, efficienti e completi, sostenendo la qualit\u00e0 del servizio rigoroso, professionale, coscienzioso e diligente.<\/p>\t\t\t\t\t\t<\/div>\n\t\t\t\t<\/div>\n\t\t\t\t\t<\/div>\n\t\t<\/div>\n\t\t\t\t\t\t\t<\/div>\n\t\t<\/section>\n\t\t\t\t<section class=\"elementor-section elementor-top-section elementor-element elementor-element-3566b32 elementor-section-boxed elementor-section-height-default elementor-section-height-default\" data-id=\"3566b32\" data-element_type=\"section\">\n\t\t\t\t\t\t<div class=\"elementor-container elementor-column-gap-default\">\n\t\t\t\t\t<div class=\"elementor-column elementor-col-100 elementor-top-column elementor-element elementor-element-53b468b\" data-id=\"53b468b\" data-element_type=\"column\">\n\t\t\t<div class=\"elementor-widget-wrap elementor-element-populated\">\n\t\t\t\t\t\t\t\t<div class=\"elementor-element elementor-element-4d4c252 elementor-widget elementor-widget-spacer\" data-id=\"4d4c252\" data-element_type=\"widget\" data-widget_type=\"spacer.default\">\n\t\t\t\t<div class=\"elementor-widget-container\">\n\t\t\t<style>\/*! elementor - v3.10.2 - 29-01-2023 *\/\n.elementor-column .elementor-spacer-inner{height:var(--spacer-size)}.e-con{--container-widget-width:100%}.e-con-inner>.elementor-widget-spacer,.e-con>.elementor-widget-spacer{width:var(--container-widget-width,var(--spacer-size));--align-self:var(--container-widget-align-self,initial);--flex-shrink:0}.e-con-inner>.elementor-widget-spacer>.elementor-widget-container,.e-con-inner>.elementor-widget-spacer>.elementor-widget-container>.elementor-spacer,.e-con>.elementor-widget-spacer>.elementor-widget-container,.e-con>.elementor-widget-spacer>.elementor-widget-container>.elementor-spacer{height:100%}.e-con-inner>.elementor-widget-spacer>.elementor-widget-container>.elementor-spacer>.elementor-spacer-inner,.e-con>.elementor-widget-spacer>.elementor-widget-container>.elementor-spacer>.elementor-spacer-inner{height:var(--container-widget-height,var(--spacer-size))}<\/style>\t\t<div class=\"elementor-spacer\">\n\t\t\t<div class=\"elementor-spacer-inner\"><\/div>\n\t\t<\/div>\n\t\t\t\t<\/div>\n\t\t\t\t<\/div>\n\t\t\t\t\t<\/div>\n\t\t<\/div>\n\t\t\t\t\t\t\t<\/div>\n\t\t<\/section>\n\t\t\t\t\t\t\t<\/div>","protected":false},"excerpt":{"rendered":"<p>Legal &amp; Commercial We are a full-service firm in terms of China legal &amp; commercial practice. OIOLaw consists of outstanding elite lawyers who always provide domestic and foreign customers with professional, high-quality, efficient and comprehensive legal services by upholding the rigorous, professional, conscientious and diligent service quality. Chinese Visa Service Contract Solution in China Corporate &hellip;<\/p>\n<p class=\"read-more\"> <a class=\"\" href=\"https:\/\/www.oiolaw.com\/it\/legal-commercial-draft\/\"> <span class=\"screen-reader-text\">Legale e commerciale (bozza)<\/span> Leggi altro &raquo;<\/a><\/p>","protected":false},"author":1,"featured_media":0,"parent":0,"menu_order":0,"comment_status":"closed","ping_status":"closed","template":"","meta":{"site-sidebar-layout":"no-sidebar","site-content-layout":"page-builder","ast-global-header-display":"","ast-main-header-display":"","ast-hfb-above-header-display":"","ast-hfb-below-header-display":"","ast-hfb-mobile-header-display":"","site-post-title":"disabled","ast-breadcrumbs-content":"","ast-featured-img":"disabled","footer-sml-layout":"","theme-transparent-header-meta":"default","adv-header-id-meta":"","stick-header-meta":"","header-above-stick-meta":"","header-main-stick-meta":"","header-below-stick-meta":""},"yoast_head":"<!-- This site is optimized with the Yoast SEO plugin v20.0 - https:\/\/yoast.com\/wordpress\/plugins\/seo\/ -->\n<title>Legal &amp; Commercial (Draft) | OIO Law | Oriental International Office of Law<\/title>\n<meta name=\"robots\" content=\"index, follow, max-snippet:-1, max-image-preview:large, max-video-preview:-1\" \/>\n<link rel=\"canonical\" href=\"https:\/\/www.oiolaw.com\/it\/legal-commercial-draft\/\" \/>\n<meta property=\"og:locale\" content=\"it_IT\" \/>\n<meta property=\"og:type\" content=\"article\" \/>\n<meta property=\"og:title\" content=\"Legal &amp; Commercial (Draft) | OIO Law | Oriental International Office of Law\" \/>\n<meta property=\"og:description\" content=\"Legal &amp; Commercial We are a full-service firm in terms of China legal &amp; commercial practice. OIOLaw consists of outstanding elite lawyers who always provide domestic and foreign customers with professional, high-quality, efficient and comprehensive legal services by upholding the rigorous, professional, conscientious and diligent service quality. Chinese Visa Service Contract Solution in China Corporate &hellip; Legal &#038; Commercial (Draft) Leggi altro &raquo;\" \/>\n<meta property=\"og:url\" content=\"https:\/\/www.oiolaw.com\/it\/legal-commercial-draft\/\" \/>\n<meta property=\"og:site_name\" content=\"OIO Law | Oriental International Office of Law\" \/>\n<meta property=\"article:modified_time\" content=\"2022-05-22T02:29:42+00:00\" \/>\n<meta property=\"og:image\" content=\"https:\/\/www.oiolaw.com\/wp-content\/uploads\/2022\/03\/passport-flag-travel-2642170.jpg\" \/>\n<meta name=\"twitter:card\" content=\"summary_large_image\" \/>\n<script type=\"application\/ld+json\" class=\"yoast-schema-graph\">{\"@context\":\"https:\/\/schema.org\",\"@graph\":[{\"@type\":\"WebPage\",\"@id\":\"https:\/\/www.oiolaw.com\/legal-commercial-draft\/\",\"url\":\"https:\/\/www.oiolaw.com\/legal-commercial-draft\/\",\"name\":\"Legal & Commercial (Draft) | OIO Law | Oriental International Office of Law\",\"isPartOf\":{\"@id\":\"https:\/\/www.oiolaw.com\/nl\/#website\"},\"datePublished\":\"2022-02-18T13:05:10+00:00\",\"dateModified\":\"2022-05-22T02:29:42+00:00\",\"breadcrumb\":{\"@id\":\"https:\/\/www.oiolaw.com\/legal-commercial-draft\/#breadcrumb\"},\"inLanguage\":\"it-IT\",\"potentialAction\":[{\"@type\":\"ReadAction\",\"target\":[\"https:\/\/www.oiolaw.com\/legal-commercial-draft\/\"]}]},{\"@type\":\"BreadcrumbList\",\"@id\":\"https:\/\/www.oiolaw.com\/legal-commercial-draft\/#breadcrumb\",\"itemListElement\":[{\"@type\":\"ListItem\",\"position\":1,\"name\":\"Home\",\"item\":\"https:\/\/www.oiolaw.com\/\"},{\"@type\":\"ListItem\",\"position\":2,\"name\":\"Legal &#038; Commercial (Draft)\"}]},{\"@type\":\"WebSite\",\"@id\":\"https:\/\/www.oiolaw.com\/nl\/#website\",\"url\":\"https:\/\/www.oiolaw.com\/nl\/\",\"name\":\"OIO Law | Oriental International Office of Law\",\"description\":\"No. 1 Chinese Law Firm in multilingual service\",\"publisher\":{\"@id\":\"https:\/\/www.oiolaw.com\/nl\/#organization\"},\"potentialAction\":[{\"@type\":\"SearchAction\",\"target\":{\"@type\":\"EntryPoint\",\"urlTemplate\":\"https:\/\/www.oiolaw.com\/nl\/?s={search_term_string}\"},\"query-input\":\"required name=search_term_string\"}],\"inLanguage\":\"it-IT\"},{\"@type\":\"Organization\",\"@id\":\"https:\/\/www.oiolaw.com\/nl\/#organization\",\"name\":\"OIOLaw | Oriental International Office of Law\",\"url\":\"https:\/\/www.oiolaw.com\/nl\/\",\"logo\":{\"@type\":\"ImageObject\",\"inLanguage\":\"it-IT\",\"@id\":\"https:\/\/www.oiolaw.com\/nl\/#\/schema\/logo\/image\/\",\"url\":\"https:\/\/www.oiolaw.com\/wp-content\/uploads\/2022\/02\/cropped-cropped-\u6cd5\u65e0\u754clogo\u5f85\u8865\u82f1\u6587-2.png\",\"contentUrl\":\"https:\/\/www.oiolaw.com\/wp-content\/uploads\/2022\/02\/cropped-cropped-\u6cd5\u65e0\u754clogo\u5f85\u8865\u82f1\u6587-2.png\",\"width\":236,\"height\":224,\"caption\":\"OIOLaw | Oriental International Office of Law\"},\"image\":{\"@id\":\"https:\/\/www.oiolaw.com\/nl\/#\/schema\/logo\/image\/\"}}]}<\/script>\n<!-- \/ Yoast SEO plugin. -->","yoast_head_json":{"title":"Legal & Commercial (Draft) | OIO Law | Oriental International Office of Law","robots":{"index":"index","follow":"follow","max-snippet":"max-snippet:-1","max-image-preview":"max-image-preview:large","max-video-preview":"max-video-preview:-1"},"canonical":"https:\/\/www.oiolaw.com\/it\/legal-commercial-draft\/","og_locale":"it_IT","og_type":"article","og_title":"Legal & Commercial (Draft) | OIO Law | Oriental International Office of Law","og_description":"Legal &amp; Commercial We are a full-service firm in terms of China legal &amp; commercial practice. OIOLaw consists of outstanding elite lawyers who always provide domestic and foreign customers with professional, high-quality, efficient and comprehensive legal services by upholding the rigorous, professional, conscientious and diligent service quality. Chinese Visa Service Contract Solution in China Corporate &hellip; Legal &#038; Commercial (Draft) Leggi altro &raquo;","og_url":"https:\/\/www.oiolaw.com\/it\/legal-commercial-draft\/","og_site_name":"OIO Law | Oriental International Office of Law","article_modified_time":"2022-05-22T02:29:42+00:00","og_image":[{"url":"https:\/\/www.oiolaw.com\/wp-content\/uploads\/2022\/03\/passport-flag-travel-2642170.jpg"}],"twitter_card":"summary_large_image","schema":{"@context":"https:\/\/schema.org","@graph":[{"@type":"WebPage","@id":"https:\/\/www.oiolaw.com\/legal-commercial-draft\/","url":"https:\/\/www.oiolaw.com\/legal-commercial-draft\/","name":"Legal & Commercial (Draft) | OIO Law | Oriental International Office of Law","isPartOf":{"@id":"https:\/\/www.oiolaw.com\/nl\/#website"},"datePublished":"2022-02-18T13:05:10+00:00","dateModified":"2022-05-22T02:29:42+00:00","breadcrumb":{"@id":"https:\/\/www.oiolaw.com\/legal-commercial-draft\/#breadcrumb"},"inLanguage":"it-IT","potentialAction":[{"@type":"ReadAction","target":["https:\/\/www.oiolaw.com\/legal-commercial-draft\/"]}]},{"@type":"BreadcrumbList","@id":"https:\/\/www.oiolaw.com\/legal-commercial-draft\/#breadcrumb","itemListElement":[{"@type":"ListItem","position":1,"name":"Home","item":"https:\/\/www.oiolaw.com\/"},{"@type":"ListItem","position":2,"name":"Legal &#038; Commercial (Draft)"}]},{"@type":"WebSite","@id":"https:\/\/www.oiolaw.com\/nl\/#website","url":"https:\/\/www.oiolaw.com\/nl\/","name":"OIO Law | Oriental International Office of Law","description":"No. 1 Chinese Law Firm in multilingual service","publisher":{"@id":"https:\/\/www.oiolaw.com\/nl\/#organization"},"potentialAction":[{"@type":"SearchAction","target":{"@type":"EntryPoint","urlTemplate":"https:\/\/www.oiolaw.com\/nl\/?s={search_term_string}"},"query-input":"required name=search_term_string"}],"inLanguage":"it-IT"},{"@type":"Organization","@id":"https:\/\/www.oiolaw.com\/nl\/#organization","name":"OIOLaw | Oriental International Office of Law","url":"https:\/\/www.oiolaw.com\/nl\/","logo":{"@type":"ImageObject","inLanguage":"it-IT","@id":"https:\/\/www.oiolaw.com\/nl\/#\/schema\/logo\/image\/","url":"https:\/\/www.oiolaw.com\/wp-content\/uploads\/2022\/02\/cropped-cropped-\u6cd5\u65e0\u754clogo\u5f85\u8865\u82f1\u6587-2.png","contentUrl":"https:\/\/www.oiolaw.com\/wp-content\/uploads\/2022\/02\/cropped-cropped-\u6cd5\u65e0\u754clogo\u5f85\u8865\u82f1\u6587-2.png","width":236,"height":224,"caption":"OIOLaw | Oriental International Office of Law"},"image":{"@id":"https:\/\/www.oiolaw.com\/nl\/#\/schema\/logo\/image\/"}}]}},"_links":{"self":[{"href":"https:\/\/www.oiolaw.com\/it\/wp-json\/wp\/v2\/pages\/4037"}],"collection":[{"href":"https:\/\/www.oiolaw.com\/it\/wp-json\/wp\/v2\/pages"}],"about":[{"href":"https:\/\/www.oiolaw.com\/it\/wp-json\/wp\/v2\/types\/page"}],"author":[{"embeddable":true,"href":"https:\/\/www.oiolaw.com\/it\/wp-json\/wp\/v2\/users\/1"}],"replies":[{"embeddable":true,"href":"https:\/\/www.oiolaw.com\/it\/wp-json\/wp\/v2\/comments?post=4037"}],"version-history":[{"count":48,"href":"https:\/\/www.oiolaw.com\/it\/wp-json\/wp\/v2\/pages\/4037\/revisions"}],"predecessor-version":[{"id":5574,"href":"https:\/\/www.oiolaw.com\/it\/wp-json\/wp\/v2\/pages\/4037\/revisions\/5574"}],"wp:attachment":[{"href":"https:\/\/www.oiolaw.com\/it\/wp-json\/wp\/v2\/media?parent=4037"}],"curies":[{"name":"wp","href":"https:\/\/api.w.org\/{rel}","templated":true}]}}